{"id":250,"date":"2017-01-15T20:22:33","date_gmt":"2017-01-15T18:22:33","guid":{"rendered":"http:\/\/perhonjokilaaksonsukututkimus.fi\/?page_id=250"},"modified":"2019-05-12T20:40:05","modified_gmt":"2019-05-12T17:40:05","slug":"julkaisut","status":"publish","type":"page","link":"https:\/\/perhonjokilaaksonsukututkimus.fi\/?page_id=250","title":{"rendered":"Julkaisut"},"content":{"rendered":"<h2>Julkaisutoiminta<\/h2>\n<p>Julkaisuja voi tilata yhdistyksen toimihenkil\u00f6ilt\u00e4\u00a0<a href=\"https:\/\/perhonjokilaaksonsukututkimus.fi\/?page_id=57\">Yhteystiedot<\/a>. \u00a0Julkaisuja postitettaessa hintaan lis\u00e4t\u00e4\u00e4n postituskulut.<\/p>\n<h6>Omat julkaisut<\/h6>\n<table>\n<tbody>\n<tr>\n<td width=\"170\">\u00a0<img loading=\"lazy\" decoding=\"async\" class=\" wp-image-222 alignleft\" src=\"https:\/\/perhonjokilaaksonsukututkimus.fi\/wp-content\/uploads\/2016\/12\/vissa-208x300.jpg\" alt=\"\" width=\"160\" height=\"231\" srcset=\"https:\/\/perhonjokilaaksonsukututkimus.fi\/wp-content\/uploads\/2016\/12\/vissa-208x300.jpg 208w, https:\/\/perhonjokilaaksonsukututkimus.fi\/wp-content\/uploads\/2016\/12\/vissa.jpg 236w\" sizes=\"auto, (max-width: 160px) 85vw, 160px\" \/><\/td>\n<td width=\"180\"><strong>Takkavissa<\/strong>, yhdistyksen 3. lukemisto<\/p>\n<p>&nbsp;<\/td>\n<td width=\"40\"><strong>\u00a0ale-hinta\u00a0<\/strong><\/p>\n<p>8 \u20ac<\/td>\n<\/tr>\n<tr>\n<td width=\"170\">\u00a0<img loading=\"lazy\" decoding=\"async\" class=\"wp-image-221 alignleft\" src=\"https:\/\/perhonjokilaaksonsukututkimus.fi\/wp-content\/uploads\/2016\/12\/tilkku-206x300.jpg\" alt=\"\" width=\"160\" height=\"233\" srcset=\"https:\/\/perhonjokilaaksonsukututkimus.fi\/wp-content\/uploads\/2016\/12\/tilkku-206x300.jpg 206w, https:\/\/perhonjokilaaksonsukututkimus.fi\/wp-content\/uploads\/2016\/12\/tilkku.jpg 382w\" sizes=\"auto, (max-width: 160px) 85vw, 160px\" \/><\/td>\n<td width=\"180\"><strong>Tilikkut\u00e4kki 1999<\/strong>, yhdistyksen 2. lukemisto<\/p>\n<p>T\u00e4t\u00e4 kiriaa on viel\u00e4 saatavisa, ko hanakasti tariouksen tarttuu ni saa halavalla!<\/td>\n<td width=\"40\"><strong>8 \u20ac<\/strong><\/p>\n<p>&nbsp;<\/p>\n<p>&nbsp;<\/p>\n<p>&nbsp;<\/td>\n<\/tr>\n<tr>\n<td width=\"170\">\u00a0<img loading=\"lazy\" decoding=\"async\" class=\"alignleft wp-image-219\" src=\"https:\/\/perhonjokilaaksonsukututkimus.fi\/wp-content\/uploads\/2016\/12\/rippikirja-150x104.jpg\" alt=\"\" width=\"160\" height=\"111\" \/><\/td>\n<td width=\"180\"><strong>Ylivetelin Rippikirjat 1729-1780<\/strong><\/td>\n<td width=\"40\"><strong>ale-hinta 10 \u20ac<\/strong><\/td>\n<\/tr>\n<tr>\n<td width=\"170\">\u00a0<img loading=\"lazy\" decoding=\"async\" class=\"alignleft size-thumbnail wp-image-257\" src=\"https:\/\/perhonjokilaaksonsukututkimus.fi\/wp-content\/uploads\/2017\/01\/cd-etu-150x150.jpg\" alt=\"\" width=\"150\" height=\"150\" \/>\u00a0<img loading=\"lazy\" decoding=\"async\" class=\"alignleft size-thumbnail wp-image-258\" src=\"https:\/\/perhonjokilaaksonsukututkimus.fi\/wp-content\/uploads\/2017\/01\/cd-taka-150x150.jpg\" alt=\"\" width=\"150\" height=\"150\" \/><\/td>\n<td width=\"180\"><strong>Perhonjokilaakson kotiseutuliitteet (CD)<\/strong><\/p>\n<p>Perhonjokilaakso-lehdess\u00e4 1988 &#8211; 2013 julkaistujen kotiseutuliitteet on tallennettu CD:lle.<\/p>\n<p>Tilaus s\u00e4hk\u00f6postitse: voitto.kalliokoski@halsua.fi<\/p>\n<p>CD:t\u00e4 on saatavissa my\u00f6s Perhonjokilaakso-lehden toimituksesta.<\/td>\n<td width=\"40\"><strong>5 \u20ac<\/strong><\/td>\n<\/tr>\n<tr>\n<td width=\"170\"><\/td>\n<td width=\"180\"><strong>Perhon eli Vetelinjoki- ja K\u00e4lvi\u00e4njokilaakson Historia\u00a0(CD)<\/strong><\/td>\n<td width=\"40\"><strong>5\u00a0\u20ac<\/strong><\/td>\n<\/tr>\n<\/tbody>\n<\/table>\n<h6>Muut\u00a0julkaisut<\/h6>\n<p>&nbsp;<\/p>\n<table>\n<tbody>\n<tr>\n<td width=\"170\"><\/td>\n<td width=\"180\">Perhonjokilaakson ja Ullavan hautamuistomerkit<\/td>\n<td width=\"40\"><strong>\u00a015\u20ac <\/strong><\/td>\n<\/tr>\n<tr>\n<td width=\"170\"><\/td>\n<td width=\"180\">Kaustisen hautamuistomerkit<\/td>\n<td width=\"40\"><strong>5\u20ac<\/strong><\/td>\n<\/tr>\n<tr>\n<td width=\"170\"><\/td>\n<td width=\"180\">Vetelin hautamuistomerkit<\/td>\n<td width=\"40\"><strong>5\u20ac<\/strong><\/td>\n<\/tr>\n<tr>\n<td width=\"170\"><\/td>\n<td width=\"180\">Vanhat postikortit<\/td>\n<td width=\"40\"><strong>1\u20ac\/4 kpl<br \/>\n<\/strong><\/td>\n<\/tr>\n<\/tbody>\n<\/table>\n","protected":false},"excerpt":{"rendered":"<p>Julkaisutoiminta Julkaisuja voi tilata yhdistyksen toimihenkil\u00f6ilt\u00e4\u00a0Yhteystiedot. \u00a0Julkaisuja postitettaessa hintaan lis\u00e4t\u00e4\u00e4n postituskulut. Omat julkaisut \u00a0 Takkavissa, yhdistyksen 3. lukemisto &nbsp; \u00a0ale-hinta\u00a0 8 \u20ac \u00a0 Tilikkut\u00e4kki 1999, yhdistyksen 2. lukemisto T\u00e4t\u00e4 kiriaa on viel\u00e4 saatavisa, ko hanakasti tariouksen tarttuu ni saa halavalla! 8 \u20ac &nbsp; &nbsp; &nbsp; \u00a0 Ylivetelin Rippikirjat 1729-1780 ale-hinta 10 \u20ac \u00a0\u00a0 Perhonjokilaakson kotiseutuliitteet &hellip; <a href=\"https:\/\/perhonjokilaaksonsukututkimus.fi\/?page_id=250\" class=\"more-link\">Jatka lukemista<span class=\"screen-reader-text\"> &#8220;Julkaisut&#8221;<\/span><\/a><\/p>\n","protected":false},"author":1,"featured_media":0,"parent":0,"menu_order":0,"comment_status":"closed","ping_status":"closed","template":"","meta":{"footnotes":""},"class_list":["post-250","page","type-page","status-publish","hentry"],"_links":{"self":[{"href":"https:\/\/perhonjokilaaksonsukututkimus.fi\/index.php?rest_route=\/wp\/v2\/pages\/250","targetHints":{"allow":["GET"]}}],"collection":[{"href":"https:\/\/perhonjokilaaksonsukututkimus.fi\/index.php?rest_route=\/wp\/v2\/pages"}],"about":[{"href":"https:\/\/perhonjokilaaksonsukututkimus.fi\/index.php?rest_route=\/wp\/v2\/types\/page"}],"author":[{"embeddable":true,"href":"https:\/\/perhonjokilaaksonsukututkimus.fi\/index.php?rest_route=\/wp\/v2\/users\/1"}],"replies":[{"embeddable":true,"href":"https:\/\/perhonjokilaaksonsukututkimus.fi\/index.php?rest_route=%2Fwp%2Fv2%2Fcomments&post=250"}],"version-history":[{"count":7,"href":"https:\/\/perhonjokilaaksonsukututkimus.fi\/index.php?rest_route=\/wp\/v2\/pages\/250\/revisions"}],"predecessor-version":[{"id":381,"href":"https:\/\/perhonjokilaaksonsukututkimus.fi\/index.php?rest_route=\/wp\/v2\/pages\/250\/revisions\/381"}],"wp:attachment":[{"href":"https:\/\/perhonjokilaaksonsukututkimus.fi\/index.php?rest_route=%2Fwp%2Fv2%2Fmedia&parent=250"}],"curies":[{"name":"wp","href":"https:\/\/api.w.org\/{rel}","templated":true}]}}