{"id":326,"date":"2018-06-08T11:11:23","date_gmt":"2018-06-08T08:11:23","guid":{"rendered":"http:\/\/perhonjokilaaksonsukututkimus.fi\/?page_id=326"},"modified":"2025-11-04T00:13:18","modified_gmt":"2025-11-03T22:13:18","slug":"tietosuojaseloste","status":"publish","type":"page","link":"https:\/\/perhonjokilaaksonsukututkimus.fi\/?page_id=326","title":{"rendered":"Tietosuojaseloste"},"content":{"rendered":"<h4><strong>Tietosuojaseloste (Henkil\u00f6tietolaki (523\/1999) 10 \u00a7)<\/strong><\/h4>\n<p>Perhonjokilaakson sukututkimusyhdistys ry.<br \/>\nHietaniementie 980<br \/>\n69950 PERHO<br \/>\n0400 726 577, outi.levaniemi@gmail.com<\/p>\n<p>Tietosuoja-asioista vastaava yhteyshenkil\u00f6:<br \/>\nvarapuheenjohtaja Outi Lev\u00e4niemi<\/p>\n<p><strong>Henkil\u00f6rekisterin nime\u00e4minen:<\/strong><br \/>\nJ\u00e4senrekisteri, yhdistyksen j\u00e4senluettelo, Henkil\u00f6tietojen k\u00e4sittely perustuu yhdistyksen j\u00e4senyyteen ja rekister\u00f6idyn antamaan suostumukseen.<br \/>\nTiedot saadaan j\u00e4senmaksun ker\u00e4\u00e4misen yhteydess\u00e4 j\u00e4senelt\u00e4 itselt\u00e4\u00e4n ja\/tai pankin tiliotteelta.<\/p>\n<p><strong>Henkil\u00f6tietojen k\u00e4sittelyn tarkoitus:<\/strong><br \/>\nJ\u00e4sentietojen keruu, yhdistyksen j\u00e4senrekisterin yll\u00e4pito j\u00e4senille toiminnasta tiedottamista varten. J\u00e4sentiedot ovat yhdistyksen puheenjohtajan ja sihteerin sek\u00e4 tilitoimiston tiedossa.<br \/>\n(Yhdistyslain 503\/1989 11 \u00a7 1 momentin m\u00e4\u00e4r\u00e4\u00e4m\u00e4 velvoite yll\u00e4pit\u00e4\u00e4 j\u00e4senrekisteri\u00e4)<\/p>\n<p><strong>Tietojen s\u00e4ilytys:<\/strong><br \/>\nJ\u00e4senrekisteri on s\u00e4hk\u00f6isen\u00e4 puheenjohtajan muistitikulla ja tulosteena yhdistyksen toimitilassa Syytinkikamarilla Veteliss\u00e4 osoitteessa: Syytinkikamari, Suojalan rakennus, Koulutie 4, 69700 VETELI<\/p>\n<p><strong>Tietojen ker\u00e4\u00e4minen:<\/strong><br \/>\n-J\u00e4senelt\u00e4 itselt\u00e4\u00e4n<br \/>\n-Pankin kautta maksutapahtumista<\/p>\n<p><strong>K\u00e4sitelt\u00e4v\u00e4t henkil\u00f6tiedot:<\/strong><br \/>\nJ\u00e4senen nimi ja osoite, puhelinnumero ja s\u00e4hk\u00f6postiosoite, mik\u00e4li ne on ilmoitettu.<br \/>\nHenkil\u00f6tunnuksia ei ker\u00e4t\u00e4.<\/p>\n<p><strong>Henkil\u00f6tietojen luovuttaminen:<\/strong><br \/>\nHenkil\u00f6tietoja ei luovuteta eik\u00e4 k\u00e4ytet\u00e4 mihink\u00e4\u00e4n profilointiin.<\/p>\n<p>J\u00e4senell\u00e4 on oikeus tarkistaa tietonsa vuosittain j\u00e4senmaksun keruun yhteydess\u00e4 tai muutoinkin ilmoittamalla siit\u00e4 puheenjohtajalle tai sihteerille. J\u00e4senell\u00e4 on oikeus saada tieto j\u00e4senrekisteriss\u00e4 olevista tiedoistaan ja miten niit\u00e4 tietoja k\u00e4sitell\u00e4\u00e4n. J\u00e4senell\u00e4 on oikeus pyyt\u00e4\u00e4, ett\u00e4 h\u00e4nt\u00e4 koskevat ep\u00e4tarkat ja virheelliset tiedot korjataan. J\u00e4sen voi my\u00f6s t\u00e4ydent\u00e4\u00e4 tietojaan tarvittaessa.<\/p>\n<p>J\u00e4senell\u00e4 on oikeus pyyt\u00e4\u00e4 h\u00e4nt\u00e4 koskevien tietojen poistamista j\u00e4senyyden p\u00e4\u00e4tytty\u00e4.<\/p>\n<p><strong>Yhteydenotot tietosuoja-asiaan liittyen:<\/strong><br \/>\nKaikissa henkil\u00f6tietojen k\u00e4sittelyyn liittyviss\u00e4 asioissa ja omien tietojen tarkistamisessa jne. j\u00e4senen tulee olla yhteydess\u00e4 rekisterinpit\u00e4j\u00e4\u00e4n joko s\u00e4hk\u00f6postitse osoitteeseen outi.levaniemi@perho.com tai postitse osoitteeseen Perhonjokilaakson sukututkimusyhdistys, Hietaniementie 980, 69950 PERHO<\/p>\n<h4><strong>Nettisivun k\u00e4ytt\u00f6\u00f6n liittyv\u00e4t ohjeet ja seloste<\/strong><\/h4>\n<p><strong>Mit\u00e4 henkil\u00f6tietoa ker\u00e4\u00e4mme ja miksi<\/strong><\/p>\n<p><strong>Kommentit<\/strong><br \/>\nKun sivuston k\u00e4ytt\u00e4j\u00e4t j\u00e4tt\u00e4v\u00e4t kommentteja sivustolle, ker\u00e4\u00e4mme kommenttilomakkeessa olevat tiedot, sek\u00e4 k\u00e4ytt\u00e4j\u00e4n IP-osoitteen ja selaimen versiotiedot roskaviestien tunnistamisen helpottamiseksi.<\/p>\n<p>Kun vierailijat j\u00e4tt\u00e4v\u00e4t kommentin t\u00e4lle sivustolle ker\u00e4\u00e4mme tiedon, joka on n\u00e4kyviss\u00e4 kommentointikentiss\u00e4, IP-osoitteen sek\u00e4 selaimen versioon liittyv\u00e4t tiedot. S\u00e4hk\u00f6postiosoitteesta luotu anonymisoitu hajautustieto (hash) voidaan l\u00e4hett\u00e4\u00e4 Gravatar-palveluun, jotta tiedet\u00e4\u00e4n onko kommentoija palvelun k\u00e4ytt\u00e4j\u00e4. Gravatar-palvelun tietosuojaseloste l\u00f6ytyy osoitteesta https:\/\/automattic.com\/privacy\/.<\/p>\n<p><strong>Media<\/strong><br \/>\nMik\u00e4li lataat kuvia t\u00e4lle sivustolle, sinun tulee v\u00e4ltt\u00e4\u00e4 sellaisten kuvien lataamista, joissa on tallennettu paikkatieto (EXIF GPS). Sivuston vierailijat voivat ladata ja katsoa paikkatietoa kuvista, joita sivustolla on.<\/p>\n<p><strong>Yhteydenottolomakkeet<\/strong><\/p>\n<p><strong>Ev\u00e4steet<\/strong><br \/>\nJos j\u00e4t\u00e4t kommentin sivustolle, voit valita nimen, s\u00e4hk\u00f6postiosoitteen ja url-osoitteen tallennuksen ev\u00e4steeseen. T\u00e4m\u00e4 toiminto lis\u00e4\u00e4 k\u00e4ytt\u00f6mukavuutta, koska lomaketta ei tarvitse t\u00e4ytt\u00e4\u00e4 jokaisella kerralla uudelleen kommenttia lis\u00e4tess\u00e4. Ev\u00e4stetieto poistetaan selaimesta vuoden kuluttua.<\/p>\n<p>Mik\u00e4li sinulla on tili ja kirjaudut sivustolle asetamme v\u00e4liaikaisen ev\u00e4steen, joka p\u00e4\u00e4ttelee tukeeko selaimesi ev\u00e4steit\u00e4 vai ei. T\u00e4m\u00e4 ev\u00e4ste ei sis\u00e4ll\u00e4 henkil\u00f6tietoa ja se poistetaan kun selainikkuna suljetaan.<\/p>\n<p>Kun kirjaudut sis\u00e4\u00e4n asetamme useita ev\u00e4steit\u00e4, jotka tallentavat kirjautumis- sek\u00e4 n\u00e4ytt\u00f6asetuksesi. Kirjautumisev\u00e4steet poistetaan kahden vuorokauden kuluessa, n\u00e4ytt\u00f6asetuksiin liittyv\u00e4t ev\u00e4steet poistuvat vuoden p\u00e4\u00e4st\u00e4. Mik\u00e4li valitset \u201cMuista minut\u201d kirjautumisen yhteydess\u00e4, kirjautumistietojasi s\u00e4ilytet\u00e4\u00e4n kahden viikon ajan. Mik\u00e4li kirjaudut ulos, kirjautumiseen liittyv\u00e4t ev\u00e4steet poistetaan samassa yhteydess\u00e4.<\/p>\n<p>Mik\u00e4li julkaiset artikkelin tai muokkaat olemassa olevaa tallennamme selaimeen ev\u00e4steen, joka sis\u00e4lt\u00e4\u00e4 muokattavan artikkelin ID:n. Ev\u00e4ste vanhenee yhdess\u00e4 vuorokaudessa.<\/p>\n<p><strong>Muilta sivustoilta upotettu sis\u00e4lt\u00f6<\/strong><br \/>\nT\u00e4m\u00e4n sivuston artikkelit voivat sis\u00e4lt\u00e4\u00e4 upotettua sis\u00e4lt\u00f6\u00e4 (esimerkiksi videoita, kuvia, artikkeleita jne.). Toisilta sivustoilta tuodun upotetun sis\u00e4ll\u00f6n avaaminen on verrattavissa siihen, ett\u00e4 vierailija itse k\u00e4visi kolmannen osapuolen sivustolla.<\/p>\n<p>N\u00e4m\u00e4 sivustot voivat ker\u00e4t\u00e4 tietoa sinusta, k\u00e4ytt\u00e4\u00e4 ev\u00e4steit\u00e4, upottaa kolmannen osapuolen seurantaev\u00e4steit\u00e4 ja monitoroida vuorovaikutustasi upotetun sis\u00e4ll\u00f6n kanssa, mukaan lukien vuorovaikutuksen seuranta jos ja kun olet kirjautunut k\u00e4ytt\u00e4j\u00e4n\u00e4 sivustolle.<\/p>\n<p><strong>Analytiikka<\/strong><br \/>\n<strong>Kenelle jaamme tietosi<\/strong><br \/>\n<strong>Kuinka kauan s\u00e4ilyt\u00e4mme tietoa<\/strong><br \/>\nMik\u00e4li j\u00e4t\u00e4t kommentin, kommenttia ja sen metatietoa s\u00e4ilytet\u00e4\u00e4n toistaiseksi. T\u00e4m\u00e4 tehd\u00e4\u00e4n siksi, ett\u00e4 voimme tunnistaa ja hyv\u00e4ksy\u00e4 seuraavat kommentit automaattisesti sen sijaan, ett\u00e4 s\u00e4ilytt\u00e4isimme ne moderointijonossa.<\/p>\n<p>Tallennamme rekister\u00f6ityneiden k\u00e4ytt\u00e4jien (jos sellaisia on) k\u00e4ytt\u00e4j\u00e4profiilien tiedot. Kaikilla k\u00e4ytt\u00e4jill\u00e4 on mahdollisuus n\u00e4hd\u00e4, muokata ja poistaa omia henkil\u00f6tietojaan milloin vain. Ainoastaan k\u00e4ytt\u00e4j\u00e4nime\u00e4 ei voi muuttaa. Verkkosivuston yll\u00e4pit\u00e4j\u00e4t voivat n\u00e4hd\u00e4 ja muokata k\u00e4ytt\u00e4j\u00e4profiilien tietoja.<\/p>\n<p><strong>Mit\u00e4 oikeuksia sinulla on omaan tietoosi<\/strong><br \/>\nMik\u00e4li sinulla on k\u00e4ytt\u00e4j\u00e4tili t\u00e4lle sivustolle tai olet j\u00e4tt\u00e4nyt kommentteja, voit pyyt\u00e4\u00e4 koostetiedostoa omista henkil\u00f6tiedoistasi, sis\u00e4lt\u00e4en kaiken henkil\u00f6tiedon, jonka olet meille antanut. Voit my\u00f6s pyyt\u00e4\u00e4 henkil\u00f6tietojesi poistoa. Oikeus omien tietojen poistoon ei koske sellaista henkil\u00f6tietoa, joka meid\u00e4n on s\u00e4ilytett\u00e4v\u00e4 yll\u00e4pidollisista, juridisista tai tietoturvaan liittyvist\u00e4 syist\u00e4.<\/p>\n<p><strong>Minne l\u00e4het\u00e4mme tietosi<\/strong><br \/>\nVierailijoiden kommentteja saatetaan tarkistaa automatisoidun roskapostiestopalvelun kautta.<\/p>\n","protected":false},"excerpt":{"rendered":"<p>Tietosuojaseloste (Henkil\u00f6tietolaki (523\/1999) 10 \u00a7) Perhonjokilaakson sukututkimusyhdistys ry. Hietaniementie 980 69950 PERHO 0400 726 577, outi.levaniemi@gmail.com Tietosuoja-asioista vastaava yhteyshenkil\u00f6: varapuheenjohtaja Outi Lev\u00e4niemi Henkil\u00f6rekisterin nime\u00e4minen: J\u00e4senrekisteri, yhdistyksen j\u00e4senluettelo, Henkil\u00f6tietojen k\u00e4sittely perustuu yhdistyksen j\u00e4senyyteen ja rekister\u00f6idyn antamaan suostumukseen. Tiedot saadaan j\u00e4senmaksun ker\u00e4\u00e4misen yhteydess\u00e4 j\u00e4senelt\u00e4 itselt\u00e4\u00e4n ja\/tai pankin tiliotteelta. Henkil\u00f6tietojen k\u00e4sittelyn tarkoitus: J\u00e4sentietojen keruu, yhdistyksen j\u00e4senrekisterin yll\u00e4pito j\u00e4senille &hellip; <a href=\"https:\/\/perhonjokilaaksonsukututkimus.fi\/?page_id=326\" class=\"more-link\">Jatka lukemista<span class=\"screen-reader-text\"> &#8220;Tietosuojaseloste&#8221;<\/span><\/a><\/p>\n","protected":false},"author":1,"featured_media":0,"parent":66,"menu_order":0,"comment_status":"closed","ping_status":"closed","template":"","meta":{"footnotes":""},"class_list":["post-326","page","type-page","status-publish","hentry"],"_links":{"self":[{"href":"https:\/\/perhonjokilaaksonsukututkimus.fi\/index.php?rest_route=\/wp\/v2\/pages\/326","targetHints":{"allow":["GET"]}}],"collection":[{"href":"https:\/\/perhonjokilaaksonsukututkimus.fi\/index.php?rest_route=\/wp\/v2\/pages"}],"about":[{"href":"https:\/\/perhonjokilaaksonsukututkimus.fi\/index.php?rest_route=\/wp\/v2\/types\/page"}],"author":[{"embeddable":true,"href":"https:\/\/perhonjokilaaksonsukututkimus.fi\/index.php?rest_route=\/wp\/v2\/users\/1"}],"replies":[{"embeddable":true,"href":"https:\/\/perhonjokilaaksonsukututkimus.fi\/index.php?rest_route=%2Fwp%2Fv2%2Fcomments&post=326"}],"version-history":[{"count":6,"href":"https:\/\/perhonjokilaaksonsukututkimus.fi\/index.php?rest_route=\/wp\/v2\/pages\/326\/revisions"}],"predecessor-version":[{"id":1147,"href":"https:\/\/perhonjokilaaksonsukututkimus.fi\/index.php?rest_route=\/wp\/v2\/pages\/326\/revisions\/1147"}],"up":[{"embeddable":true,"href":"https:\/\/perhonjokilaaksonsukututkimus.fi\/index.php?rest_route=\/wp\/v2\/pages\/66"}],"wp:attachment":[{"href":"https:\/\/perhonjokilaaksonsukututkimus.fi\/index.php?rest_route=%2Fwp%2Fv2%2Fmedia&parent=326"}],"curies":[{"name":"wp","href":"https:\/\/api.w.org\/{rel}","templated":true}]}}