{"id":35,"date":"2016-10-13T09:16:53","date_gmt":"2016-10-13T06:16:53","guid":{"rendered":"http:\/\/perhonjokilaaksonsukututkimus.fi\/?page_id=35"},"modified":"2020-11-01T15:01:43","modified_gmt":"2020-11-01T13:01:43","slug":"syytinkikamari","status":"publish","type":"page","link":"https:\/\/perhonjokilaaksonsukututkimus.fi\/?page_id=35","title":{"rendered":"Syytinkikamari"},"content":{"rendered":"<p><strong>Syytinkikamari<\/strong> on yhdistyksen toimitila ja arkisto. Se sijaitsee Veteliss\u00e4, koulukeskuksen Suojala-rakennuksen 1.kerroksessa,\u00a0Koulukuja 1, 69700\u00a0Veteli.<\/p>\n<p>Syytinkikamarissa on mikrofilmej\u00e4, kirjoja, lehti\u00e4, sukutauluja ja muuta aineistoa, jota voi lainata ja tutkia.\u00a0K\u00e4ytett\u00e4viss\u00e4 on my\u00f6s\u00a0alueen ulkopuolisten, l\u00e4hinn\u00e4 naapuriseurakuntien vastaavaa aineistoa l\u00f6ytyy.<\/p>\n<p>Mikrofilmikortteilta alueen seurakuntien rippikirjat 1729-1890 sek\u00e4 kastetut, vihityt ja haudatut 1673 &#8211; 1890. K\u00e4ytett\u00e4viss\u00e4\u00a0on mikrokorttien lukulaitteita ja kopiokone.<\/p>\n<p>Syytinkikamarin avainta voit tiedustella puheenjohtajalta tai sihteerilt\u00e4.<\/p>\n<p><strong>Syytinkikamari<\/strong> l\u00f6ytyy my\u00f6s Facebookista omana keskusteluryhm\u00e4n\u00e4. Tervetuloa my\u00f6s sinne.<\/p>\n<ul>\n<li><strong><a href=\"https:\/\/www.facebook.com\/groups\/syytinkikamari\">Facebook &#8211; Syytinkikamari<\/a><\/strong><\/li>\n<\/ul>\n<p><strong>Syytinkikamarin arkisto<\/strong><\/p>\n<ul>\n<li><a href=\"https:\/\/perhonjokilaaksonsukututkimus.fi\/?page_id=62\">Arkisto<\/a><\/li>\n<\/ul>\n","protected":false},"excerpt":{"rendered":"<p>Syytinkikamari on yhdistyksen toimitila ja arkisto. Se sijaitsee Veteliss\u00e4, koulukeskuksen Suojala-rakennuksen 1.kerroksessa,\u00a0Koulukuja 1, 69700\u00a0Veteli. Syytinkikamarissa on mikrofilmej\u00e4, kirjoja, lehti\u00e4, sukutauluja ja muuta aineistoa, jota voi lainata ja tutkia.\u00a0K\u00e4ytett\u00e4viss\u00e4 on my\u00f6s\u00a0alueen ulkopuolisten, l\u00e4hinn\u00e4 naapuriseurakuntien vastaavaa aineistoa l\u00f6ytyy. Mikrofilmikortteilta alueen seurakuntien rippikirjat 1729-1890 sek\u00e4 kastetut, vihityt ja haudatut 1673 &#8211; 1890. K\u00e4ytett\u00e4viss\u00e4\u00a0on mikrokorttien lukulaitteita ja kopiokone. Syytinkikamarin &hellip; <a href=\"https:\/\/perhonjokilaaksonsukututkimus.fi\/?page_id=35\" class=\"more-link\">Jatka lukemista<span class=\"screen-reader-text\"> &#8220;Syytinkikamari&#8221;<\/span><\/a><\/p>\n","protected":false},"author":1,"featured_media":0,"parent":0,"menu_order":0,"comment_status":"closed","ping_status":"closed","template":"","meta":{"footnotes":""},"class_list":["post-35","page","type-page","status-publish","hentry"],"_links":{"self":[{"href":"https:\/\/perhonjokilaaksonsukututkimus.fi\/index.php?rest_route=\/wp\/v2\/pages\/35","targetHints":{"allow":["GET"]}}],"collection":[{"href":"https:\/\/perhonjokilaaksonsukututkimus.fi\/index.php?rest_route=\/wp\/v2\/pages"}],"about":[{"href":"https:\/\/perhonjokilaaksonsukututkimus.fi\/index.php?rest_route=\/wp\/v2\/types\/page"}],"author":[{"embeddable":true,"href":"https:\/\/perhonjokilaaksonsukututkimus.fi\/index.php?rest_route=\/wp\/v2\/users\/1"}],"replies":[{"embeddable":true,"href":"https:\/\/perhonjokilaaksonsukututkimus.fi\/index.php?rest_route=%2Fwp%2Fv2%2Fcomments&post=35"}],"version-history":[{"count":12,"href":"https:\/\/perhonjokilaaksonsukututkimus.fi\/index.php?rest_route=\/wp\/v2\/pages\/35\/revisions"}],"predecessor-version":[{"id":456,"href":"https:\/\/perhonjokilaaksonsukututkimus.fi\/index.php?rest_route=\/wp\/v2\/pages\/35\/revisions\/456"}],"wp:attachment":[{"href":"https:\/\/perhonjokilaaksonsukututkimus.fi\/index.php?rest_route=%2Fwp%2Fv2%2Fmedia&parent=35"}],"curies":[{"name":"wp","href":"https:\/\/api.w.org\/{rel}","templated":true}]}}