{"id":394,"date":"2019-06-04T09:57:34","date_gmt":"2019-06-04T06:57:34","guid":{"rendered":"http:\/\/perhonjokilaaksonsukututkimus.fi\/?page_id=394"},"modified":"2019-06-04T10:20:17","modified_gmt":"2019-06-04T07:20:17","slug":"marjatta-pulkkinen-elamankertatietoa","status":"publish","type":"page","link":"https:\/\/perhonjokilaaksonsukututkimus.fi\/?page_id=394","title":{"rendered":"Marjatta Pulkkinen -el\u00e4m\u00e4nkertatietoa"},"content":{"rendered":"<p><strong><b>Marjatta &#8211; omin sanoin<\/b><\/strong><\/p>\n<p><em>\u201dKeski-Pohjanmaa merkitsee minulle is\u00e4ni Ilmari Luoman esivanhempien ty\u00f6n hedelm\u00e4\u00e4, perim\u00e4tiedon aarreaittaa, hiljaisen huumorin kehtoa. Vaikka kirjoitusp\u00f6ytien takana piirret\u00e4\u00e4n l\u00e4\u00e4nien rajaviivoja uusiksi, vied\u00e4\u00e4n palveluja pois ja v\u00e4h\u00e4tell\u00e4\u00e4n seutuamme, me olemme t\u00e4ss\u00e4\u00a0eik\u00e4\u00a0meill\u00e4\u00a0ole yht\u00e4\u00e4n hullusempaa!<\/em><\/p>\n<p><em>Olen harrastanut kirjoittamista lapsesta asti. Ensimm\u00e4isen runoni julkaisi S\u00e4\u00e4st\u00e4j\u00e4-lehti, kun olin 13-vuotias. Kirjoittaminen on ollut harrastukseni kaiken aikaa, mutta luonnonkuvaus, maailmanparantaminen ja oman syd\u00e4men tuntojen tutkistelu on vaihtunut kotiseudun menneisyyden kuuntelemiseen ja kuvaamiseen. En osaa maalata porsliinia enk\u00e4\u00a0kutoa poppanoita, joten siis kirjoitan. Joskus on ihan joutava tarve panna muistiin vanhoilta kuulemiani asioita, niin kuin se nyt ket\u00e4\u00e4n kiinnostaisi mit\u00e4\u00a0Maija vastasi Eliakselle viime vuosisadalla t\u00e4m\u00e4n kosiessa, tai miten 13-vuotias Fiia onki Helsingin matkallaan Tammerkoskessa kievarikyyti\u00e4\u00a0odottaessaan.\u201d<\/em><\/p>\n<p><strong><b>El<\/b><\/strong><strong><b>\u00e4<\/b><\/strong><strong><b>m<\/b><\/strong><strong><b>\u00e4<\/b><\/strong><strong><b>kertatietoa<\/b><\/strong><\/p>\n<ul>\n<li>Syntyi Veteliss\u00e4 2.10.1931, kuoli Veteliss\u00e4 2016.<\/li>\n<li>Opinnot: Yo Kokkolan Yhteislyseo 1951, kko Jyv\u00e4skyl\u00e4n Kasvatusopillinen Korkeakoulu 1955<\/li>\n<li>Ty\u00f6ura: opettajana 1951-el\u00e4keik\u00e4\u00e4n asti<\/li>\n<\/ul>\n<p><strong><b>Apurahat ja palkinnot<\/b><\/strong><\/p>\n<ul>\n<li>1958 J.H.Erkon muistorahaston kirjoituskilpailussa II palkinto sarjassa Kuvaelmat (nyk. pienoisn\u00e4ytelm\u00e4t)<\/li>\n<li>Maaseudun Nuorten Liiton kirjoituskilpailussa k\u00e4rkip\u00e4\u00e4n sijoituksia sek\u00e4 runo-ett\u00e4\u00a0proosasarjassa<\/li>\n<li>1965 tunnustuspalkinto keskipohjalaisaiheisten n\u00e4ytelmien kirjoituskilpailussa<\/li>\n<li>I palkinto Keskipohjanmaa- lehden kirjoituskilpailussa runojen sarjassa<\/li>\n<li>II palkinto tangosanoituskilpailussa<\/li>\n<li>1993 Keski-Pohjanmaa-s\u00e4\u00e4ti\u00f6n tunnustusapuraha<\/li>\n<li>Hellevin viisi veljest\u00e4sijoittui toiseksi 44:st\u00e4\u00a0Suomessa vuonna 1996 ilmestyneest\u00e4\u00a0sukukirjasta<\/li>\n<\/ul>\n<p><strong><b>Kirjailijan tuotantoon liittyv<\/b><\/strong><strong><b>\u00e4\u00e4<\/b><\/strong><strong><b>\u00a0lis<\/b><\/strong><strong><b>\u00e4<\/b><\/strong><strong><b>tietoa<\/b><\/strong><\/p>\n<ul>\n<li>Terveisi\u00e4.. (toim. ja taitto: Marjatta Pulkkinen, Anna-Leena Alasp\u00e4\u00e4, Sirkka-Liisa Uutela) Perhonjokilaakson kirjoittajien lukemisto, 1982<\/li>\n<li>Toppaa hopero, Vetelil\u00e4isi\u00e4sananparsia ja kaskuja (ty\u00f6ryhm\u00e4) Vetelin kulttuurilautakunta 1983<\/li>\n<li>terveisi\u00e4.. (ty\u00f6ryhm\u00e4) Perhonjokilaakson kirjoittajien lukemisto 1983<\/li>\n<li>Akkuna: Perhonjokilaakson kirjoittajien lukemisto 1985 (toim. ja taitto: Marjatta Pulkkinen et al) 1985<\/li>\n<li>Kohtalon Vuodet Veteli 1917-1918, 1939-1940, 1941, 608 sivua, (ty\u00f6ryhm\u00e4) 1986: vapaussodan asiat, haastattelut ja sotienaikaisen kirjeenvaihdon valikointi kirjaan Marjatta Pulkkinen<\/li>\n<li>Lasivaunu: runoja, 1988 L\u00e4nsirannikko<\/li>\n<li>Mik\u00e4ihmeen Kankaanranta? 1988<\/li>\n<li>Kotoisin Luomalta: kertomus Matti Mikonpojasta (1823-1910) ja h\u00e4nen j\u00e4lkel\u00e4isist\u00e4\u00e4n , 1990<\/li>\n<li>Nukerinkurekoppa: Perhonjokilaakson sukututkimusyhdistyksen lukemisto. Toimituskunta: Marjatta Pulkkinen, Anna-Leena Alasp\u00e4\u00e4, Matti Tunkkari. 1991<\/li>\n<li>Arkimorsian: runokertomuksia, 1993<\/li>\n<li>Vanhaa R\u00e4yrinki\u00e4: paikallishistoriaa ja kotiseutukuvauksia. Ty\u00f6ryhm\u00e4: Marjatta Pulkkinen et al 1994 R\u00e4yrinki-seura<\/li>\n<li>Puhu Pulukkinen! : Vetelin Pulkkisia vanhoina aikoina, 1995<\/li>\n<li>Hellevin viisi veljest\u00e4: Aaprami ja Liisa Kreeta Pulkkisen j\u00e4lkel\u00e4iset \/ sukututkimus, toim. Esko ja Marjatta Pulkkinen, Kari Palosaari. 1996<\/li>\n<li>Tuohi-Antin mustalammas: historiallinen romaani. L\u00e4nsirannikko 1997<\/li>\n<\/ul>\n<p><strong><b>Antologiat<\/b><\/strong><\/p>\n<ul>\n<li>Ukko Nooan kiusaukset: runoja ja proosaa Keski-Pohjanmaalta. Pr\u00e4ntt\u00e4rit, 1975<\/li>\n<li>Kaukaa tulee tuuli: runoja ja proosaa Keski-Pohjanmaalta. Pr\u00e4ntt\u00e4rit, 1977<\/li>\n<li>Karhu-Aapin temppu: runoja ja proosaa Keski-Pohjanmaalta. Pr\u00e4ntt\u00e4rit, 1981<\/li>\n<li>Hiidenkirnun pohjalla: runoja ja proosaa Keski-Pohjanmaalta. Pr\u00e4ntt\u00e4rit, 1984 (sis\u00e4lt\u00e4\u00e4 runokertomuksen Brita Matintytt\u00e4ren lauluja)<\/li>\n<li>Vailla lehtien valhetta: runoja ja proosaa Keski-Pohjanmaalta. Pr\u00e4ntt\u00e4rit, 1989<\/li>\n<li>Runo kasvaa maasta, 1991. Lahden runomaraton<\/li>\n<li>Ty\u00f6n runo puhuu 1992, Ty\u00f6n runo -kilpailun satoa. Kaija Viljakainen, Tuija Kakko<\/li>\n<li>Selev\u00e4pyy, 1993, Vetelin kotiseutuyhdistyksen lukemisto I<\/li>\n<li>Vaikeuksista voittoon 1996, Keskipohjanmaan naisten muistelmia sotiemme ajalta<\/li>\n<li>Savikukko kertoo tarinan: Keski-Pohjanmaan nelj\u00e4n tarinatuotteen tekstit. Otava 1997<\/li>\n<\/ul>\n<p><strong><b>Muu tuotanto<\/b><\/strong><\/p>\n<ul>\n<li>Keskipohjalaisia el\u00e4m\u00e4kertoja: viisi el\u00e4m\u00e4 1995<\/li>\n<li>Pulkkisen perinnekirja Toivo Bj\u00f6rkbacka 1996; sukuasiat ja taustatuki Marjatta Pulkkinen<\/li>\n<li>Runoja ja juttuja Keskipohjanmaa -lehden kaunokirjallisilla sivuilla ja Keskipohjanmaan kustantamassa Maalaiskoti -lehdess\u00e4nimimerkill\u00e4\u00a0Marja Lepp\u00e4\u00a0alkaen n. v 1947.<\/li>\n<li>Keskipohjalaiseen menneisyyteen kuuluvia kirjoituksia Keskipohjanmaa -lehdess\u00e41980 -luvulla, artikkeleita Suomen Kuvalehdess\u00e4, pakinoita Opettaja -lehdess\u00e4, juhlarunoja, laulujen sanoituksia (osa julkaisuissa Laulethan ja soitethan ja Keski-Pohjanmaa laulaa); sukututkimukseen liittyvi\u00e4\u00a0juttuja Perhonjokilaakson kotiseutuliitteess\u00e4, kirjoituksia joululehdiss\u00e4.<\/li>\n<\/ul>\n<p><a href=\"https:\/\/perhonjokilaaksonsukututkimus.fi\/?page_id=396\">Marjatta Pulkkisen arkisto<\/a><\/p>\n","protected":false},"excerpt":{"rendered":"<p>Marjatta &#8211; omin sanoin \u201dKeski-Pohjanmaa merkitsee minulle is\u00e4ni Ilmari Luoman esivanhempien ty\u00f6n hedelm\u00e4\u00e4, perim\u00e4tiedon aarreaittaa, hiljaisen huumorin kehtoa. Vaikka kirjoitusp\u00f6ytien takana piirret\u00e4\u00e4n l\u00e4\u00e4nien rajaviivoja uusiksi, vied\u00e4\u00e4n palveluja pois ja v\u00e4h\u00e4tell\u00e4\u00e4n seutuamme, me olemme t\u00e4ss\u00e4\u00a0eik\u00e4\u00a0meill\u00e4\u00a0ole yht\u00e4\u00e4n hullusempaa! Olen harrastanut kirjoittamista lapsesta asti. Ensimm\u00e4isen runoni julkaisi S\u00e4\u00e4st\u00e4j\u00e4-lehti, kun olin 13-vuotias. Kirjoittaminen on ollut harrastukseni kaiken aikaa, mutta &hellip; <a href=\"https:\/\/perhonjokilaaksonsukututkimus.fi\/?page_id=394\" class=\"more-link\">Jatka lukemista<span class=\"screen-reader-text\"> &#8220;Marjatta Pulkkinen -el\u00e4m\u00e4nkertatietoa&#8221;<\/span><\/a><\/p>\n","protected":false},"author":1,"featured_media":0,"parent":0,"menu_order":0,"comment_status":"closed","ping_status":"closed","template":"","meta":{"footnotes":""},"class_list":["post-394","page","type-page","status-publish","hentry"],"_links":{"self":[{"href":"https:\/\/perhonjokilaaksonsukututkimus.fi\/index.php?rest_route=\/wp\/v2\/pages\/394","targetHints":{"allow":["GET"]}}],"collection":[{"href":"https:\/\/perhonjokilaaksonsukututkimus.fi\/index.php?rest_route=\/wp\/v2\/pages"}],"about":[{"href":"https:\/\/perhonjokilaaksonsukututkimus.fi\/index.php?rest_route=\/wp\/v2\/types\/page"}],"author":[{"embeddable":true,"href":"https:\/\/perhonjokilaaksonsukututkimus.fi\/index.php?rest_route=\/wp\/v2\/users\/1"}],"replies":[{"embeddable":true,"href":"https:\/\/perhonjokilaaksonsukututkimus.fi\/index.php?rest_route=%2Fwp%2Fv2%2Fcomments&post=394"}],"version-history":[{"count":3,"href":"https:\/\/perhonjokilaaksonsukututkimus.fi\/index.php?rest_route=\/wp\/v2\/pages\/394\/revisions"}],"predecessor-version":[{"id":403,"href":"https:\/\/perhonjokilaaksonsukututkimus.fi\/index.php?rest_route=\/wp\/v2\/pages\/394\/revisions\/403"}],"wp:attachment":[{"href":"https:\/\/perhonjokilaaksonsukututkimus.fi\/index.php?rest_route=%2Fwp%2Fv2%2Fmedia&parent=394"}],"curies":[{"name":"wp","href":"https:\/\/api.w.org\/{rel}","templated":true}]}}