{"id":396,"date":"2019-06-04T09:59:53","date_gmt":"2019-06-04T06:59:53","guid":{"rendered":"http:\/\/perhonjokilaaksonsukututkimus.fi\/?page_id=396"},"modified":"2022-05-21T12:02:25","modified_gmt":"2022-05-21T09:02:25","slug":"marjatta-pulkkisen-arkisto","status":"publish","type":"page","link":"https:\/\/perhonjokilaaksonsukututkimus.fi\/?page_id=396","title":{"rendered":"Marjatta Pulkkisen arkisto"},"content":{"rendered":"<p>Vuonna 2018 yhdistys p\u00e4\u00e4tti k\u00e4ynnist\u00e4\u00e4 perustajaj\u00e4senens\u00e4, sukututkija, kirjailija <a href=\"https:\/\/perhonjokilaaksonsukututkimus.fi\/?page_id=394\">Marjatta Pulkkisen<\/a> (1933-2016) sukututkimukseen, l\u00e4hihistoriaan ja muuhun kirjalliseen tuotantoon liittyv\u00e4n l\u00e4hdeaineiston arkistoinnin. Kev\u00e4\u00e4ll\u00e4 2019 arkiston j\u00e4rjestelyty\u00f6h\u00f6n saatiin Tapio ja Seija Luoma -s\u00e4\u00e4ti\u00f6lt\u00e4 apuraha. Arkistoitiprojekti saatiin p\u00e4\u00e4t\u00f6kseen hein\u00e4kuussa 2020. Arkiston j\u00e4rjest\u00e4misty\u00f6ss\u00e4 on noudatettu soveltaen arkistolaitoksen suosituksia ja ohjeistusta. Kansioiden ja v\u00e4lilehtien otsikoinnissa on pyritty k\u00e4ytt\u00e4m\u00e4\u00e4n sit\u00e4 logiikkaa ja nime\u00e4mis- ja merkint\u00e4tapaa, jota Marjatta Pulkkinen k\u00e4ytti omassa ty\u00f6ss\u00e4\u00e4n.<\/p>\n<p>Aineistoon on mahdollisuus tutustua arkistoluettelon perusteella (p\u00e4ivitetty 21.10.2021)\u00a0 <a href=\"https:\/\/perhonjokilaaksonsukututkimus.fi\/wp-content\/uploads\/2022\/01\/Arkistoluettelo-Marjatta-Pulkkinen-2022.doc\" target=\"_blank\" rel=\"noopener noreferrer\">Arkistoluettelo (word)<\/a> tai\u00a0 <a href=\"https:\/\/perhonjokilaaksonsukututkimus.fi\/wp-content\/uploads\/2022\/01\/Arkistoluettelo-Marjatta-Pulkkinen-2022.pdf\" target=\"_blank\" rel=\"noopener noreferrer\">Arkistoluettelo (pdf)<\/a>.<\/p>\n<p>Osa aineistosta, l\u00e4hinn\u00e4 Marjatta Pulkkisen tietokoneiden muisteissa ja levykkeill\u00e4, olleista tiedostoista on k\u00e4ytett\u00e4viss\u00e4 yhdistyksen\u00a0<a href=\"https:\/\/drive.google.com\/drive\/folders\/1y2vs4ZZ7Nv93AlZ-axGBGhqtRXG_cpHc?usp=sharing\" target=\"_blank\" rel=\"noopener\">digiarkistossa.<\/a><\/p>\n<p><strong>Arkiston k\u00e4ytt\u00f6 ja lis\u00e4tiedot<\/strong><\/p>\n<p>Marjatta Pulkkisen arkisto on sijoitettu yhdistyksen toimitiloihin, <a href=\"https:\/\/perhonjokilaaksonsukututkimus.fi\/?page_id=35\">Syyntinkikamariin<\/a>, Koulukuja 1, 69700 Veteli (koulukeskuksen Suojala-rakennus). Arkiston k\u00e4ytt\u00f6 edellytt\u00e4\u00e4 k\u00e4ytt\u00f6ehtojen hyv\u00e4ksymist\u00e4 ja allekirjoitusta <a href=\"https:\/\/perhonjokilaaksonsukututkimus.fi\/wp-content\/uploads\/2020\/11\/Marjatta-Pulkkinen-arkisto-ka\u0308ytto\u0308ehtosopimus.pdf\" target=\"_blank\" rel=\"noopener noreferrer\">K\u00e4ytt\u00f6ehtosopimus (pdf)<\/a>.<\/p>\n<p>Lis\u00e4tietoja arkiston sis\u00e4ll\u00f6st\u00e4 ja k\u00e4yt\u00f6st\u00e4:\u00a0 Juha Huusko (puh. 044-980 2033 tai s\u00e4hk\u00f6posti: syytinkikamari@gmail.com).<\/p>\n","protected":false},"excerpt":{"rendered":"<p>Vuonna 2018 yhdistys p\u00e4\u00e4tti k\u00e4ynnist\u00e4\u00e4 perustajaj\u00e4senens\u00e4, sukututkija, kirjailija Marjatta Pulkkisen (1933-2016) sukututkimukseen, l\u00e4hihistoriaan ja muuhun kirjalliseen tuotantoon liittyv\u00e4n l\u00e4hdeaineiston arkistoinnin. Kev\u00e4\u00e4ll\u00e4 2019 arkiston j\u00e4rjestelyty\u00f6h\u00f6n saatiin Tapio ja Seija Luoma -s\u00e4\u00e4ti\u00f6lt\u00e4 apuraha. Arkistoitiprojekti saatiin p\u00e4\u00e4t\u00f6kseen hein\u00e4kuussa 2020. Arkiston j\u00e4rjest\u00e4misty\u00f6ss\u00e4 on noudatettu soveltaen arkistolaitoksen suosituksia ja ohjeistusta. Kansioiden ja v\u00e4lilehtien otsikoinnissa on pyritty k\u00e4ytt\u00e4m\u00e4\u00e4n sit\u00e4 logiikkaa ja &hellip; <a href=\"https:\/\/perhonjokilaaksonsukututkimus.fi\/?page_id=396\" class=\"more-link\">Jatka lukemista<span class=\"screen-reader-text\"> &#8220;Marjatta Pulkkisen arkisto&#8221;<\/span><\/a><\/p>\n","protected":false},"author":1,"featured_media":0,"parent":0,"menu_order":0,"comment_status":"closed","ping_status":"closed","template":"","meta":{"footnotes":""},"class_list":["post-396","page","type-page","status-publish","hentry"],"_links":{"self":[{"href":"https:\/\/perhonjokilaaksonsukututkimus.fi\/index.php?rest_route=\/wp\/v2\/pages\/396","targetHints":{"allow":["GET"]}}],"collection":[{"href":"https:\/\/perhonjokilaaksonsukututkimus.fi\/index.php?rest_route=\/wp\/v2\/pages"}],"about":[{"href":"https:\/\/perhonjokilaaksonsukututkimus.fi\/index.php?rest_route=\/wp\/v2\/types\/page"}],"author":[{"embeddable":true,"href":"https:\/\/perhonjokilaaksonsukututkimus.fi\/index.php?rest_route=\/wp\/v2\/users\/1"}],"replies":[{"embeddable":true,"href":"https:\/\/perhonjokilaaksonsukututkimus.fi\/index.php?rest_route=%2Fwp%2Fv2%2Fcomments&post=396"}],"version-history":[{"count":33,"href":"https:\/\/perhonjokilaaksonsukututkimus.fi\/index.php?rest_route=\/wp\/v2\/pages\/396\/revisions"}],"predecessor-version":[{"id":803,"href":"https:\/\/perhonjokilaaksonsukututkimus.fi\/index.php?rest_route=\/wp\/v2\/pages\/396\/revisions\/803"}],"wp:attachment":[{"href":"https:\/\/perhonjokilaaksonsukututkimus.fi\/index.php?rest_route=%2Fwp%2Fv2%2Fmedia&parent=396"}],"curies":[{"name":"wp","href":"https:\/\/api.w.org\/{rel}","templated":true}]}}