{"id":700,"date":"2021-09-08T10:56:35","date_gmt":"2021-09-08T07:56:35","guid":{"rendered":"http:\/\/perhonjokilaaksonsukututkimus.fi\/?page_id=700"},"modified":"2025-05-05T15:16:00","modified_gmt":"2025-05-05T12:16:00","slug":"jaseneksi-liittyminen","status":"publish","type":"page","link":"https:\/\/perhonjokilaaksonsukututkimus.fi\/?page_id=700","title":{"rendered":"Liity j\u00e4seneksi"},"content":{"rendered":"\n<p>Yhdistyksen j\u00e4seneksi voi liitty\u00e4 oheisella nettilomakkeella tai ilmoittamalla vastaavat tiedot s\u00e4hk\u00f6postitse yhdistyksen sihteerille ja maksamalla j\u00e4senmaksu 20 \u20ac yhdistyksen tilille.<\/p>\n\n\n\n<p><strong>Perhonjokilaakson Sukututkimusyhdistys ry<\/strong><br>FI45 5512 0055 0011 68 (BIC oK0YFIHH)<\/p>\n\n\n\n<p><em>Viitenumeroa<\/em> ei toistaiseksi k\u00e4ytet\u00e4. <em>Viesti vastaanottajalle<\/em> -kentt\u00e4\u00e4n j\u00e4seneksi liittyj\u00e4n nimi ja s\u00e4hk\u00f6postiosoite.&nbsp; J\u00e4senyytesi hyv\u00e4ksyt\u00e4\u00e4n, kun olemme saaneet j\u00e4senmaksusi. Hyv\u00e4ksymisest\u00e4 ilmoitamme s\u00e4hk\u00f6postitse. <\/p>\n\n\n\n<p>Lis\u00e4tietoja j\u00e4senmaksusta ja j\u00e4senyydest\u00e4 syytinkikamari@gmail.com<\/p>\n\n\n\n<h6 class=\"wp-block-heading\">\n<div class=\"wpcf7 no-js\" id=\"wpcf7-f712-o1\" lang=\"en-US\" dir=\"ltr\" data-wpcf7-id=\"712\">\n<div class=\"screen-reader-response\"><p role=\"status\" aria-live=\"polite\" aria-atomic=\"true\"><\/p> <ul><\/ul><\/div>\n<form action=\"\/index.php?rest_route=%2Fwp%2Fv2%2Fpages%2F700#wpcf7-f712-o1\" method=\"post\" class=\"wpcf7-form init\" aria-label=\"Contact form\" novalidate=\"novalidate\" data-status=\"init\">\n<fieldset class=\"hidden-fields-container\"><input type=\"hidden\" name=\"_wpcf7\" value=\"712\" \/><input type=\"hidden\" name=\"_wpcf7_version\" value=\"6.1.5\" \/><input type=\"hidden\" name=\"_wpcf7_locale\" value=\"en_US\" \/><input type=\"hidden\" name=\"_wpcf7_unit_tag\" value=\"wpcf7-f712-o1\" \/><input type=\"hidden\" name=\"_wpcf7_container_post\" value=\"0\" \/><input type=\"hidden\" name=\"_wpcf7_posted_data_hash\" value=\"\" \/><input type=\"hidden\" name=\"_wpcf7_recaptcha_response\" value=\"\" \/>\n<\/fieldset>\n<p><label> Etunimi, sukunimi<br \/>\n<span class=\"wpcf7-form-control-wrap\" data-name=\"your-name\"><input size=\"40\" maxlength=\"400\" class=\"wpcf7-form-control wpcf7-text wpcf7-validates-as-required\" aria-required=\"true\" aria-invalid=\"false\" value=\"\" type=\"text\" name=\"your-name\" \/><\/span> <\/label>\n<\/p>\n<p><label> Postiosoite<br \/>\n<span class=\"wpcf7-form-control-wrap\" data-name=\"your-address\"><input size=\"40\" maxlength=\"400\" class=\"wpcf7-form-control wpcf7-text wpcf7-validates-as-required\" aria-required=\"true\" aria-invalid=\"false\" value=\"\" type=\"text\" name=\"your-address\" \/><\/span> <\/label>\n<\/p>\n<p><label> S\u00e4hk\u00f6posti<br \/>\n<span class=\"wpcf7-form-control-wrap\" data-name=\"your-email\"><input size=\"40\" maxlength=\"400\" class=\"wpcf7-form-control wpcf7-email wpcf7-validates-as-required wpcf7-text wpcf7-validates-as-email\" aria-required=\"true\" aria-invalid=\"false\" value=\"\" type=\"email\" name=\"your-email\" \/><\/span> <\/label>\n<\/p>\n<p><label>Puhelin<br \/>\n<span class=\"wpcf7-form-control-wrap\" data-name=\"your-phone\"><input size=\"40\" maxlength=\"400\" class=\"wpcf7-form-control wpcf7-text wpcf7-validates-as-required\" aria-required=\"true\" aria-invalid=\"false\" value=\"\" type=\"text\" name=\"your-phone\" \/><\/span><\/label>\n<\/p>\n<p><label> (Vapaaehtoinen) Lyhyt esittely, esim. mit\u00e4 sukuja tutkit, mik\u00e4 sukututkimuksessa kiinnostaa, kauanko olet harrastanut ymv.<br \/>\n<span class=\"wpcf7-form-control-wrap\" data-name=\"your-message\"><textarea cols=\"40\" rows=\"10\" maxlength=\"2000\" class=\"wpcf7-form-control wpcf7-textarea\" aria-invalid=\"false\" name=\"your-message\"><\/textarea><\/span> <\/label>\n<\/p>\n<p><input class=\"wpcf7-form-control wpcf7-submit has-spinner\" type=\"submit\" value=\"L\u00e4het\u00e4\" \/>\n<\/p><p style=\"display: none !important;\" class=\"akismet-fields-container\" data-prefix=\"_wpcf7_ak_\"><label>&#916;<textarea name=\"_wpcf7_ak_hp_textarea\" cols=\"45\" rows=\"8\" maxlength=\"100\"><\/textarea><\/label><input type=\"hidden\" id=\"ak_js_1\" name=\"_wpcf7_ak_js\" value=\"0\"\/><script>\ndocument.getElementById( \"ak_js_1\" ).setAttribute( \"value\", ( new Date() ).getTime() );\n<\/script>\n<\/p><div class=\"wpcf7-response-output\" aria-hidden=\"true\"><\/div>\n<\/form>\n<\/div>\n<\/h6>\n\n\n\n<p><\/p>\n\n\n\n<pre class=\"wp-block-preformatted\">J\u00e4senmaksut k\u00e4ytet\u00e4\u00e4n sukututkimusmateriaalien ja muun perinnemateriaalin hankkimiseen ja s\u00e4ilytt\u00e4miseen, teematilaisuuksien j\u00e4rjest\u00e4miseen, tilavuokriin, julkaisutoimintaan ja muuhun mahdolliseen toimintaan, joka auttaa yhdistyksen toiminnan tavoitteiden toteutumista.&nbsp; Yhdistyksen toimihenkil\u00f6ille ei makseta palkkioita tai palkkaa.<\/pre>\n","protected":false},"excerpt":{"rendered":"<p>Yhdistyksen j\u00e4seneksi voi liitty\u00e4 oheisella nettilomakkeella tai ilmoittamalla vastaavat tiedot s\u00e4hk\u00f6postitse yhdistyksen sihteerille ja maksamalla j\u00e4senmaksu 20 \u20ac yhdistyksen tilille. Perhonjokilaakson Sukututkimusyhdistys ryFI45 5512 0055 0011 68 (BIC oK0YFIHH) Viitenumeroa ei toistaiseksi k\u00e4ytet\u00e4. Viesti vastaanottajalle -kentt\u00e4\u00e4n j\u00e4seneksi liittyj\u00e4n nimi ja s\u00e4hk\u00f6postiosoite.&nbsp; J\u00e4senyytesi hyv\u00e4ksyt\u00e4\u00e4n, kun olemme saaneet j\u00e4senmaksusi. Hyv\u00e4ksymisest\u00e4 ilmoitamme s\u00e4hk\u00f6postitse. Lis\u00e4tietoja j\u00e4senmaksusta ja j\u00e4senyydest\u00e4 syytinkikamari@gmail.com &hellip; <a href=\"https:\/\/perhonjokilaaksonsukututkimus.fi\/?page_id=700\" class=\"more-link\">Jatka lukemista<span class=\"screen-reader-text\"> &#8220;Liity j\u00e4seneksi&#8221;<\/span><\/a><\/p>\n","protected":false},"author":1,"featured_media":0,"parent":0,"menu_order":0,"comment_status":"closed","ping_status":"closed","template":"","meta":{"footnotes":""},"class_list":["post-700","page","type-page","status-publish","hentry"],"_links":{"self":[{"href":"https:\/\/perhonjokilaaksonsukututkimus.fi\/index.php?rest_route=\/wp\/v2\/pages\/700","targetHints":{"allow":["GET"]}}],"collection":[{"href":"https:\/\/perhonjokilaaksonsukututkimus.fi\/index.php?rest_route=\/wp\/v2\/pages"}],"about":[{"href":"https:\/\/perhonjokilaaksonsukututkimus.fi\/index.php?rest_route=\/wp\/v2\/types\/page"}],"author":[{"embeddable":true,"href":"https:\/\/perhonjokilaaksonsukututkimus.fi\/index.php?rest_route=\/wp\/v2\/users\/1"}],"replies":[{"embeddable":true,"href":"https:\/\/perhonjokilaaksonsukututkimus.fi\/index.php?rest_route=%2Fwp%2Fv2%2Fcomments&post=700"}],"version-history":[{"count":22,"href":"https:\/\/perhonjokilaaksonsukututkimus.fi\/index.php?rest_route=\/wp\/v2\/pages\/700\/revisions"}],"predecessor-version":[{"id":1096,"href":"https:\/\/perhonjokilaaksonsukututkimus.fi\/index.php?rest_route=\/wp\/v2\/pages\/700\/revisions\/1096"}],"wp:attachment":[{"href":"https:\/\/perhonjokilaaksonsukututkimus.fi\/index.php?rest_route=%2Fwp%2Fv2%2Fmedia&parent=700"}],"curies":[{"name":"wp","href":"https:\/\/api.w.org\/{rel}","templated":true}]}}